{"id":217,"date":"2020-05-12T03:43:03","date_gmt":"2020-05-12T03:43:03","guid":{"rendered":"https:\/\/kitdigitalempresas.es\/index.php\/home\/"},"modified":"2023-08-30T12:13:40","modified_gmt":"2023-08-30T12:13:40","slug":"home","status":"publish","type":"page","link":"https:\/\/kitdigitalempresas.es\/","title":{"rendered":"Home"},"content":{"rendered":"\n<div class=\"wp-block-cover alignfull is-light\" style=\"min-height:800px;aspect-ratio:unset;\"><span aria-hidden=\"true\" class=\"wp-block-cover__background has-ast-global-color-1-background-color has-background-dim\"><\/span><img loading=\"lazy\" decoding=\"async\" width=\"1279\" height=\"719\" class=\"wp-block-cover__image-background wp-image-561\" alt=\"\" src=\"https:\/\/kitdigitalempresas.es\/wp-content\/uploads\/2022\/01\/fondokit.jpeg\" data-object-fit=\"cover\" srcset=\"https:\/\/kitdigitalempresas.es\/wp-content\/uploads\/2022\/01\/fondokit.jpeg 1279w, https:\/\/kitdigitalempresas.es\/wp-content\/uploads\/2022\/01\/fondokit-300x169.jpeg 300w, https:\/\/kitdigitalempresas.es\/wp-content\/uploads\/2022\/01\/fondokit-1024x576.jpeg 1024w, https:\/\/kitdigitalempresas.es\/wp-content\/uploads\/2022\/01\/fondokit-768x432.jpeg 768w\" sizes=\"auto, (max-width: 1279px) 100vw, 1279px\" \/><div class=\"wp-block-cover__inner-container is-layout-flow wp-block-cover-is-layout-flow\">\n<h3 class=\"wp-block-heading has-text-align-center has-ast-global-color-5-color has-text-color\" id=\"consigue-hasta-12-000-mejora-tu-negocio\">Consigue hasta 12.000\u20ac mejora tu negocio<\/h3>\n\n\n\n<h1 class=\"wp-block-heading has-text-align-center has-ast-global-color-5-color has-text-color\" id=\"kit-digital\">Kit Digital<\/h1>\n\n\n\n<p class=\"has-text-align-center\">Subvenciones para la implantaci\u00f3n de soluciones digitales<br>para peque\u00f1as empresas, microempresas y aut\u00f3nomos.<\/p>\n\n\n\n<div class=\"wp-block-buttons is-horizontal is-content-justification-center is-layout-flex wp-container-core-buttons-is-layout-499968f5 wp-block-buttons-is-layout-flex\">\n<div class=\"wp-block-button is-style-fill\"><a class=\"wp-block-button__link has-ast-global-color-2-color has-ast-global-color-5-background-color has-text-color has-background wp-element-button\" href=\"#servicios\" rel=\"#\">SOLUCIONES<\/a><\/div>\n\n\n\n<div class=\"wp-block-button\"><a class=\"wp-block-button__link has-ast-global-color-5-color has-ast-global-color-1-background-color has-text-color has-background wp-element-button\" href=\"#requisitos\">REQUISITOS<\/a><\/div>\n<\/div>\n<\/div><\/div>\n\n\n\n<div class=\"wp-block-group alignfull has-ast-global-color-5-background-color has-background is-layout-flow wp-block-group-is-layout-flow\"><div class=\"wp-block-group__inner-container\">\n<div class=\"wp-block-columns is-layout-flex wp-container-core-columns-is-layout-9d6595d7 wp-block-columns-is-layout-flex\" id=\"servicios\">\n<div class=\"wp-block-column is-layout-flow wp-block-column-is-layout-flow\" style=\"flex-basis:100%\">\n<div class=\"wp-block-columns are-vertically-aligned-center is-layout-flex wp-container-core-columns-is-layout-9d6595d7 wp-block-columns-is-layout-flex\">\n<div class=\"wp-block-column is-vertically-aligned-center is-layout-flow wp-block-column-is-layout-flow\">\n<div class=\"wp-block-columns is-layout-flex wp-container-core-columns-is-layout-9d6595d7 wp-block-columns-is-layout-flex\">\n<div class=\"wp-block-column is-layout-flow wp-block-column-is-layout-flow\">\n<h2 class=\"wp-block-heading has-text-align-center\" id=\"sitio-web\"><strong><a href=\"https:\/\/kitdigitalempresas.es\/index.php\/sitio-web-y-presencia-en-internet\/\" data-type=\"URL\" data-id=\"https:\/\/kitdigitalempresas.es\/index.php\/sitio-web-y-presencia-en-internet\/\">Sitio Web<\/a><\/strong><\/h2>\n\n\n\n<p class=\"has-text-align-center\">Ayudas de hasta 2.000\u20ac<\/p>\n\n\n\n<figure class=\"wp-block-image aligncenter size-full\"><img loading=\"lazy\" decoding=\"async\" width=\"151\" height=\"150\" src=\"https:\/\/kitdigitalempresas.es\/wp-content\/uploads\/2022\/01\/kit-digital-sitio-web.png\" alt=\"\" class=\"wp-image-572\"\/><\/figure>\n\n\n\n<p class=\"has-text-align-center\">Aumenta tu visibilidad en internet con una p\u00e1gina web corporativa.<\/p>\n<\/div>\n\n\n\n<div class=\"wp-block-column is-layout-flow wp-block-column-is-layout-flow\">\n<h2 class=\"wp-block-heading has-text-align-center\" id=\"comercio-electronico\"><strong><a href=\"https:\/\/kitdigitalempresas.es\/index.php\/comercio-electronico\/\">Comercio Electr\u00f3nico<\/a><\/strong><\/h2>\n\n\n\n<p class=\"has-text-align-center\">Ayudas de hasta 2.000\u20ac<\/p>\n\n\n\n<figure class=\"wp-block-image aligncenter size-full\"><a href=\"https:\/\/kitdigitalempresas.es\/index.php\/comercio-electronico\/\"><img loading=\"lazy\" decoding=\"async\" width=\"151\" height=\"150\" src=\"https:\/\/kitdigitalempresas.es\/wp-content\/uploads\/2022\/01\/kit-digital-comercio-electronico.png\" alt=\"\" class=\"wp-image-573\"\/><\/a><\/figure>\n\n\n\n<p class=\"has-text-align-center\">Comercializa tus productos o servicios a trav\u00e9s de la web.<\/p>\n<\/div>\n\n\n\n<div class=\"wp-block-column is-layout-flow wp-block-column-is-layout-flow\">\n<h2 class=\"wp-block-heading has-text-align-center\" id=\"gestion-de-redes-sociales\"><strong><a href=\"https:\/\/kitdigitalempresas.es\/index.php\/gestion-de-redes-sociales\/\">Gesti\u00f3n de redes sociales<\/a><\/strong><\/h2>\n\n\n\n<p class=\"has-text-align-center\">Ayudas de hasta 2.500\u20ac<\/p>\n\n\n\n<figure class=\"wp-block-image aligncenter size-full\"><a href=\"https:\/\/kitdigitalempresas.es\/index.php\/gestion-de-redes-sociales\/\"><img loading=\"lazy\" decoding=\"async\" width=\"151\" height=\"150\" src=\"https:\/\/kitdigitalempresas.es\/wp-content\/uploads\/2022\/01\/kit-digital-redes-sociales.png\" alt=\"\" class=\"wp-image-574\"\/><\/a><\/figure>\n\n\n\n<p class=\"has-text-align-center\">Promociona tu negocio a trav\u00e9s de redes sociales.<\/p>\n<\/div>\n<\/div>\n<\/div>\n<\/div>\n<\/div>\n<\/div>\n\n\n\n<div class=\"wp-block-columns is-layout-flex wp-container-core-columns-is-layout-9d6595d7 wp-block-columns-is-layout-flex\">\n<div class=\"wp-block-column is-layout-flow wp-block-column-is-layout-flow\" style=\"flex-basis:100%\">\n<div class=\"wp-block-columns are-vertically-aligned-center is-layout-flex wp-container-core-columns-is-layout-9d6595d7 wp-block-columns-is-layout-flex\">\n<div class=\"wp-block-column is-vertically-aligned-center is-layout-flow wp-block-column-is-layout-flow\">\n<div class=\"wp-block-columns is-layout-flex wp-container-core-columns-is-layout-9d6595d7 wp-block-columns-is-layout-flex\">\n<div class=\"wp-block-column is-layout-flow wp-block-column-is-layout-flow\">\n<h2 class=\"wp-block-heading has-text-align-center\" id=\"gestion-de-clientes\"><br><a href=\"https:\/\/kitdigitalempresas.es\/index.php\/funcionalidades-y-servicios\/\" data-type=\"link\" data-id=\"https:\/\/kitdigitalempresas.es\/index.php\/funcionalidades-y-servicios\/\">gesti\u00f3n de <br>clientes<\/a><\/h2>\n\n\n\n<p class=\"has-text-align-center\">Ayudas de hasta 4.000\u20ac<\/p>\n\n\n\n<figure class=\"wp-block-image aligncenter size-full\"><a href=\"https:\/\/kitdigitalempresas.es\/index.php\/funcionalidades-y-servicios\/\"><img loading=\"lazy\" decoding=\"async\" width=\"151\" height=\"150\" src=\"https:\/\/kitdigitalempresas.es\/wp-content\/uploads\/2022\/01\/kit-digital-clientes.png\" alt=\"\" class=\"wp-image-603\"\/><\/a><\/figure>\n\n\n\n<p class=\"has-text-align-center\"><\/p>\n<\/div>\n\n\n\n<div class=\"wp-block-column is-layout-flow wp-block-column-is-layout-flow\">\n<h2 class=\"wp-block-heading has-text-align-center\" id=\"inteligencia-empresarial-y-analitica\"><br><strong><a href=\"https:\/\/kitdigitalempresas.es\/index.php\/business-intelligence-y-analitica\/\" data-type=\"link\" data-id=\"https:\/\/kitdigitalempresas.es\/index.php\/business-intelligence-y-analitica\/\">Inteligencia empresarial y anal\u00edtica<\/a><\/strong><\/h2>\n\n\n\n<p class=\"has-text-align-center\">Ayudas de hasta 4.000\u20ac<\/p>\n\n\n\n<figure class=\"wp-block-image aligncenter size-full\"><a href=\"https:\/\/kitdigitalempresas.es\/index.php\/business-intelligence-y-analitica\/\"><img loading=\"lazy\" decoding=\"async\" width=\"151\" height=\"150\" src=\"https:\/\/kitdigitalempresas.es\/wp-content\/uploads\/2022\/01\/kit-digital-ie.png\" alt=\"\" class=\"wp-image-602\"\/><\/a><\/figure>\n\n\n\n<p class=\"has-text-align-center\"><\/p>\n<\/div>\n\n\n\n<div class=\"wp-block-column is-layout-flow wp-block-column-is-layout-flow\">\n<h2 class=\"wp-block-heading has-text-align-center\" id=\"servicios-y-herramientas-de-oficinas-virtuales\"><br><strong><a href=\"https:\/\/kitdigitalempresas.es\/index.php\/servicios-y-herramientas-de-oficina-virtual\/\" data-type=\"link\" data-id=\"https:\/\/kitdigitalempresas.es\/index.php\/servicios-y-herramientas-de-oficina-virtual\/\">Servicios y herramientas de oficinas virtuales<\/a><\/strong><\/h2>\n\n\n\n<p class=\"has-text-align-center\">Ayudas de hasta 12.000\u20ac<\/p>\n\n\n\n<figure class=\"wp-block-image aligncenter size-full\"><img loading=\"lazy\" decoding=\"async\" width=\"151\" height=\"150\" src=\"https:\/\/kitdigitalempresas.es\/wp-content\/uploads\/2022\/01\/kit-digital-herramientas.png\" alt=\"\" class=\"wp-image-601\"\/><\/figure>\n\n\n\n<p class=\"has-text-align-center\"><\/p>\n<\/div>\n<\/div>\n<\/div>\n<\/div>\n<\/div>\n<\/div>\n\n\n\n<div class=\"wp-block-columns is-layout-flex wp-container-core-columns-is-layout-9d6595d7 wp-block-columns-is-layout-flex\">\n<div class=\"wp-block-column is-layout-flow wp-block-column-is-layout-flow\" style=\"flex-basis:100%\">\n<div class=\"wp-block-columns are-vertically-aligned-center is-layout-flex wp-container-core-columns-is-layout-9d6595d7 wp-block-columns-is-layout-flex\">\n<div class=\"wp-block-column is-vertically-aligned-center is-layout-flow wp-block-column-is-layout-flow\">\n<div class=\"wp-block-columns is-layout-flex wp-container-core-columns-is-layout-9d6595d7 wp-block-columns-is-layout-flex\">\n<div class=\"wp-block-column is-layout-flow wp-block-column-is-layout-flow\">\n<h2 class=\"wp-block-heading has-text-align-center\" id=\"gestion-de-procesos\"><br><strong><a href=\"https:\/\/kitdigitalempresas.es\/index.php\/gestion-de-procesos\/\" data-type=\"link\" data-id=\"https:\/\/kitdigitalempresas.es\/index.php\/gestion-de-procesos\/\">gesti\u00f3n de procesos<\/a><\/strong><\/h2>\n\n\n\n<p class=\"has-text-align-center\">Ayudas de hasta 6.000\u20ac<\/p>\n\n\n\n<figure class=\"wp-block-image aligncenter size-full\"><a href=\"https:\/\/kitdigitalempresas.es\/index.php\/gestion-de-procesos\/\"><img loading=\"lazy\" decoding=\"async\" width=\"151\" height=\"150\" src=\"https:\/\/kitdigitalempresas.es\/wp-content\/uploads\/2022\/01\/kit-digital-procesos.png\" alt=\"\" class=\"wp-image-600\"\/><\/a><\/figure>\n\n\n\n<p class=\"has-text-align-center\"><\/p>\n<\/div>\n\n\n\n<div class=\"wp-block-column is-layout-flow wp-block-column-is-layout-flow\">\n<h2 class=\"wp-block-heading has-text-align-center\" id=\"factura-electronica\"><br><strong><a href=\"https:\/\/kitdigitalempresas.es\/index.php\/factura-electronica\/\" data-type=\"link\" data-id=\"https:\/\/kitdigitalempresas.es\/index.php\/factura-electronica\/\">factura electr\u00f3nica<\/a><\/strong><\/h2>\n\n\n\n<p class=\"has-text-align-center\">Ayudas de hasta 1.000\u20ac<\/p>\n\n\n\n<figure class=\"wp-block-image aligncenter size-full\"><a href=\"https:\/\/kitdigitalempresas.es\/index.php\/factura-electronica\/\"><img loading=\"lazy\" decoding=\"async\" width=\"151\" height=\"150\" src=\"https:\/\/kitdigitalempresas.es\/wp-content\/uploads\/2022\/01\/kit-digital-factura-electronica.png\" alt=\"\" class=\"wp-image-599\"\/><\/a><\/figure>\n\n\n\n<p class=\"has-text-align-center\"><\/p>\n<\/div>\n\n\n\n<div class=\"wp-block-column is-layout-flow wp-block-column-is-layout-flow\">\n<h2 class=\"wp-block-heading has-text-align-center\" id=\"comunicaciones-seguras\"><br><strong><a href=\"https:\/\/kitdigitalempresas.es\/index.php\/comunicaciones-seguras\/\" data-type=\"link\" data-id=\"https:\/\/kitdigitalempresas.es\/index.php\/comunicaciones-seguras\/\">comunicaciones seguras<\/a><\/strong><\/h2>\n\n\n\n<p class=\"has-text-align-center\">Ayudas de hasta 6.000\u20ac<\/p>\n\n\n\n<figure class=\"wp-block-image aligncenter size-full\"><a href=\"https:\/\/kitdigitalempresas.es\/index.php\/comunicaciones-seguras\/\"><img loading=\"lazy\" decoding=\"async\" width=\"151\" height=\"150\" src=\"https:\/\/kitdigitalempresas.es\/wp-content\/uploads\/2022\/01\/kit-digital-comunicaciones-seguras.png\" alt=\"\" class=\"wp-image-598\"\/><\/a><\/figure>\n\n\n\n<p class=\"has-text-align-center\"><\/p>\n<\/div>\n<\/div>\n<\/div>\n<\/div>\n<\/div>\n<\/div>\n\n\n\n<div class=\"wp-block-columns is-layout-flex wp-container-core-columns-is-layout-9d6595d7 wp-block-columns-is-layout-flex\">\n<div class=\"wp-block-column is-layout-flow wp-block-column-is-layout-flow\" style=\"flex-basis:100%\">\n<div class=\"wp-block-columns are-vertically-aligned-center is-layout-flex wp-container-core-columns-is-layout-9d6595d7 wp-block-columns-is-layout-flex\">\n<div class=\"wp-block-column is-vertically-aligned-center is-layout-flow wp-block-column-is-layout-flow\">\n<div class=\"wp-block-columns is-layout-flex wp-container-core-columns-is-layout-9d6595d7 wp-block-columns-is-layout-flex\">\n<div class=\"wp-block-column is-layout-flow wp-block-column-is-layout-flow\">\n<h2 class=\"wp-block-heading has-text-align-center\" id=\"ciberseguridad-online\"><br><strong><a href=\"https:\/\/kitdigitalempresas.es\/index.php\/ciberseguridad\/\" data-type=\"link\" data-id=\"https:\/\/kitdigitalempresas.es\/index.php\/ciberseguridad\/\">ciberseguridad online<\/a><\/strong><\/h2>\n\n\n\n<p class=\"has-text-align-center\">Ayudas de hasta 6.000\u20ac<\/p>\n\n\n\n<figure class=\"wp-block-image aligncenter size-full\"><a href=\"https:\/\/kitdigitalempresas.es\/index.php\/ciberseguridad\/\"><img loading=\"lazy\" decoding=\"async\" width=\"151\" height=\"150\" src=\"https:\/\/kitdigitalempresas.es\/wp-content\/uploads\/2022\/01\/kit-digital-ciberseguridad.png\" alt=\"\" class=\"wp-image-597\"\/><\/a><\/figure>\n\n\n\n<p class=\"has-text-align-center\"><\/p>\n<\/div>\n\n\n\n<div class=\"wp-block-column is-layout-flow wp-block-column-is-layout-flow\">\n<h2 class=\"wp-block-heading has-text-align-center\"><\/h2>\n\n\n\n<p class=\"has-text-align-center\"><\/p>\n<\/div>\n\n\n\n<div class=\"wp-block-column is-layout-flow wp-block-column-is-layout-flow\">\n<h2 class=\"wp-block-heading has-text-align-center\"><\/h2>\n\n\n\n<p class=\"has-text-align-center\"><\/p>\n\n\n\n<p class=\"has-text-align-center\"><\/p>\n<\/div>\n<\/div>\n<\/div>\n<\/div>\n<\/div>\n<\/div>\n\n\n\n<hr class=\"wp-block-separator has-css-opacity\"\/>\n<\/div><\/div>\n\n\n\n<div class=\"wp-block-group alignfull has-ast-global-color-5-background-color has-background is-layout-flow wp-block-group-is-layout-flow\"><div class=\"wp-block-group__inner-container\">\n<div class=\"wp-block-columns is-layout-flex wp-container-core-columns-is-layout-9d6595d7 wp-block-columns-is-layout-flex\">\n<div class=\"wp-block-column is-layout-flow wp-block-column-is-layout-flow\">\n<h2 class=\"wp-block-heading\" id=\"que-es-el-kit-digital\">\u00bfQu\u00e9 es el Kit Digital?<\/h2>\n<\/div>\n\n\n\n<div class=\"wp-block-column is-layout-flow wp-block-column-is-layout-flow\">\n<p>El Kit Digital es un programa dirigido a pymes y aut\u00f3nomos, del Ministerio de Asuntos Econ\u00f3micos y Transformaci\u00f3n Digital del Gobierno de Espa\u00f1a, que ofrece ayudas para llevar a cabo el proceso de transformaci\u00f3n digital de tu empresa.<\/p>\n\n\n\n<p>Consigue un bono digital con un importe econ\u00f3mico que podr\u00e1s gastar en las soluciones digitales que mejor se adapten a tus necesidades.<\/p>\n\n\n\n<p><\/p>\n<\/div>\n<\/div>\n<\/div><\/div>\n\n\n\n<hr class=\"wp-block-separator has-css-opacity\"\/>\n\n\n\n<div class=\"wp-block-group alignfull has-ast-global-color-5-background-color has-background is-layout-flow wp-block-group-is-layout-flow\"><div class=\"wp-block-group__inner-container\">\n<div class=\"wp-block-columns is-layout-flex wp-container-core-columns-is-layout-9d6595d7 wp-block-columns-is-layout-flex\">\n<div class=\"wp-block-column is-layout-flow wp-block-column-is-layout-flow\">\n<h2 class=\"wp-block-heading\" id=\"quien-puede-beneficiarse-de-estas-ayudas\">\u00bfQui\u00e9n puede beneficiarse de estas ayudas?<\/h2>\n<\/div>\n\n\n\n<div class=\"wp-block-column is-layout-flow wp-block-column-is-layout-flow\">\n<p>Peque\u00f1as Empresas &#8211; De 3 a 9 empleados<\/p>\n\n\n\n<p>Hasta 6.000\u20ac<\/p>\n<\/div>\n<\/div>\n<\/div><\/div>\n\n\n\n<hr class=\"wp-block-separator has-css-opacity\"\/>\n\n\n\n<div class=\"wp-block-group alignfull has-ast-global-color-5-background-color has-background is-layout-flow wp-block-group-is-layout-flow\"><div class=\"wp-block-group__inner-container\">\n<div class=\"wp-block-columns is-layout-flex wp-container-core-columns-is-layout-9d6595d7 wp-block-columns-is-layout-flex\" id=\"requisitos\">\n<div class=\"wp-block-column is-layout-flow wp-block-column-is-layout-flow\">\n<h2 class=\"wp-block-heading\" id=\"cuales-son-los-requisitospara-solicitar-la-ayuda\">\u00bfCU\u00c1LES SON LOS REQUISITOS<br>PARA SOLICITAR LA AYUDA?<\/h2>\n<\/div>\n\n\n\n<div class=\"wp-block-column is-layout-flow wp-block-column-is-layout-flow\">\n<ul class=\"wp-block-list\">\n<li>Ser una peque\u00f1a empresa, microempresa o aut\u00f3nomo.<\/li>\n\n\n\n<li>Cumplir los l\u00edmites financieros y efectivos que definen las categor\u00edas de empresas.<\/li>\n\n\n\n<li>Estar en situaci\u00f3n de alta y tener la antig\u00fcedad m\u00ednima que se establece<\/li>\n\n\n\n<li>por convocatoria.<\/li>\n\n\n\n<li>No tener consideraci\u00f3n de empresa en crisis.<\/li>\n\n\n\n<li>Estar al corriente de las obligaciones tributarias y frente a la Seguridad Social.<\/li>\n\n\n\n<li>No estar sujeta a una orden de recuperaci\u00f3n pendiente de la Comisi\u00f3n Europea que haya declarado una ayuda ilegal e incompatible con el mercado com\u00fan.<\/li>\n\n\n\n<li>No incurrir en ninguna de las prohibiciones previstas en el art\u00edculo 13.2 de la Ley 38\/2003, de 17 de noviembre, General de Subvenciones.<\/li>\n\n\n\n<li>No superar el l\u00edmite de ayudas minimis (de peque\u00f1a cuant\u00eda).<\/li>\n<\/ul>\n\n\n\n<p>Si cumples las siguientes condiciones, \u00a1el programa Kit Digital est\u00e1 hecho para ti!<\/p>\n\n\n\n<div class=\"wp-block-buttons is-layout-flex wp-block-buttons-is-layout-flex\">\n<div class=\"wp-block-button is-style-fill\"><a class=\"wp-block-button__link wp-element-button\" href=\"https:\/\/kitdigitalempresas.es\/index.php\/contact\/\" rel=\"#\">Contacta con nostros<\/a><\/div>\n<\/div>\n<\/div>\n<\/div>\n<\/div><\/div>\n\n\n\n<p><\/p>\n","protected":false},"excerpt":{"rendered":"<p>Sitio Web Ayudas de hasta 2.000\u20ac Aumenta tu visibilidad en internet con una p\u00e1gina web corporativa. Comercio Electr\u00f3nico Ayudas de hasta 2.000\u20ac Comercializa tus productos o servicios a trav\u00e9s de la web. Gesti\u00f3n de redes sociales Ayudas de hasta 2.500\u20ac Promociona tu negocio a trav\u00e9s de redes sociales. gesti\u00f3n de clientes Ayudas de hasta 4.000\u20ac &hellip;<\/p>\n<p class=\"read-more\"> <a class=\"\" href=\"https:\/\/kitdigitalempresas.es\/\"> <span class=\"screen-reader-text\">Home<\/span> Leer m\u00e1s &raquo;<\/a><\/p>\n","protected":false},"author":1,"featured_media":0,"parent":0,"menu_order":0,"comment_status":"closed","ping_status":"closed","template":"","meta":{"site-sidebar-layout":"no-sidebar","site-content-layout":"plain-container","ast-main-header-display":"","ast-hfb-above-header-display":"","ast-hfb-below-header-display":"","ast-hfb-mobile-header-display":"","site-post-title":"disabled","ast-breadcrumbs-content":"","ast-featured-img":"disabled","footer-sml-layout":"","theme-transparent-header-meta":"enabled","adv-header-id-meta":"","stick-header-meta":"","header-above-stick-meta":"","header-main-stick-meta":"","header-below-stick-meta":"","footnotes":""},"class_list":["post-217","page","type-page","status-publish","hentry"],"_links":{"self":[{"href":"https:\/\/kitdigitalempresas.es\/index.php\/wp-json\/wp\/v2\/pages\/217","targetHints":{"allow":["GET"]}}],"collection":[{"href":"https:\/\/kitdigitalempresas.es\/index.php\/wp-json\/wp\/v2\/pages"}],"about":[{"href":"https:\/\/kitdigitalempresas.es\/index.php\/wp-json\/wp\/v2\/types\/page"}],"author":[{"embeddable":true,"href":"https:\/\/kitdigitalempresas.es\/index.php\/wp-json\/wp\/v2\/users\/1"}],"replies":[{"embeddable":true,"href":"https:\/\/kitdigitalempresas.es\/index.php\/wp-json\/wp\/v2\/comments?post=217"}],"version-history":[{"count":18,"href":"https:\/\/kitdigitalempresas.es\/index.php\/wp-json\/wp\/v2\/pages\/217\/revisions"}],"predecessor-version":[{"id":685,"href":"https:\/\/kitdigitalempresas.es\/index.php\/wp-json\/wp\/v2\/pages\/217\/revisions\/685"}],"wp:attachment":[{"href":"https:\/\/kitdigitalempresas.es\/index.php\/wp-json\/wp\/v2\/media?parent=217"}],"curies":[{"name":"wp","href":"https:\/\/api.w.org\/{rel}","templated":true}]}}