{"id":218,"date":"2020-05-12T03:43:04","date_gmt":"2020-05-12T03:43:04","guid":{"rendered":"https:\/\/kitdigitalempresas.es\/index.php\/about\/"},"modified":"2022-01-12T10:50:40","modified_gmt":"2022-01-12T10:50:40","slug":"about","status":"publish","type":"page","link":"https:\/\/kitdigitalempresas.es\/index.php\/about\/","title":{"rendered":"c\u00f3mo"},"content":{"rendered":"\n<div class=\"wp-block-cover alignfull has-ast-global-color-1-background-color has-background-dim has-parallax\" style=\"background-image:url(https:\/\/kitdigitalempresas.es\/wp-content\/uploads\/2020\/04\/landscape-mountains-sky-4843193.jpg);min-height:380px;aspect-ratio:unset;\"><div class=\"wp-block-cover__inner-container is-layout-flow wp-block-cover-is-layout-flow\">\n<h1 class=\"has-text-align-center has-white-color has-text-color wp-block-heading\">Conseguir kit digital\u200b<\/h1>\n<\/div><\/div>\n\n\n\n<div class=\"wp-block-group alignfull has-ast-global-color-5-background-color has-background is-layout-flow wp-block-group-is-layout-flow\"><div class=\"wp-block-group__inner-container\">\n<div class=\"wp-block-columns is-layout-flex wp-container-core-columns-is-layout-9d6595d7 wp-block-columns-is-layout-flex\">\n<div class=\"wp-block-column is-layout-flow wp-block-column-is-layout-flow\">\n<h2 class=\"wp-block-heading\"><strong>\u00bfC\u00f3mo conseguir la ayuda?<\/strong><\/h2>\n\n\n\n<p><meta charset=\"utf-8\"><meta charset=\"utf-8\">Nosotros podemos realizar estos pasos por ti. Realizaremos la solicitud y te mantendremos informado de su evoluci\u00f3n*<\/p>\n<\/div>\n\n\n\n<div class=\"wp-block-column is-layout-flow wp-block-column-is-layout-flow\">\n<p>Debes seguir una serie de pasos para poder beneficiarte de las ayudas del Kit Digital:<\/p>\n\n\n\n<ul class=\"wp-block-list\"><li>Registrarte en la plataforma AceleraPyme.es<\/li><li>Realizar un autodiagn\u00f3stico digital de tu empresa<\/li><li>Elegir las soluciones digitales que mejor se adapten a tus necesidades<\/li><li>Solicitar la ayuda a trav\u00e9s del formulario<\/li><li>Seleccionar el agente digitalizador con qui\u00e9n desarrollar tu soluci\u00f3n<\/li><\/ul>\n\n\n\n<p>*No nos podemos hacer responsables de la concesi\u00f3n de las ayudas, ya que esto depende del Ministerio de Asuntos Econ\u00f3micos y Transformaci\u00f3n Digital del Gobierno.<\/p>\n<\/div>\n<\/div>\n<\/div><\/div>\n\n\n\n<div class=\"wp-block-group alignfull has-ast-global-color-4-background-color has-background is-layout-flow wp-block-group-is-layout-flow\"><div class=\"wp-block-group__inner-container\"><\/div><\/div>\n\n\n\n<p><\/p>\n","protected":false},"excerpt":{"rendered":"<p>\u00bfC\u00f3mo conseguir la ayuda? Nosotros podemos realizar estos pasos por ti. Realizaremos la solicitud y te mantendremos informado de su evoluci\u00f3n* Debes seguir una serie de pasos para poder beneficiarte de las ayudas del Kit Digital: Registrarte en la plataforma AceleraPyme.es Realizar un autodiagn\u00f3stico digital de tu empresa Elegir las soluciones digitales que mejor se &hellip;<\/p>\n<p class=\"read-more\"> <a class=\"\" href=\"https:\/\/kitdigitalempresas.es\/index.php\/about\/\"> <span class=\"screen-reader-text\">c\u00f3mo<\/span> Leer m\u00e1s &raquo;<\/a><\/p>\n","protected":false},"author":1,"featured_media":0,"parent":0,"menu_order":0,"comment_status":"closed","ping_status":"closed","template":"","meta":{"site-sidebar-layout":"no-sidebar","site-content-layout":"plain-container","ast-main-header-display":"","ast-hfb-above-header-display":"","ast-hfb-below-header-display":"","ast-hfb-mobile-header-display":"","site-post-title":"disabled","ast-breadcrumbs-content":"","ast-featured-img":"disabled","footer-sml-layout":"","theme-transparent-header-meta":"enabled","adv-header-id-meta":"","stick-header-meta":"","header-above-stick-meta":"","header-main-stick-meta":"","header-below-stick-meta":"","footnotes":""},"class_list":["post-218","page","type-page","status-publish","hentry"],"_links":{"self":[{"href":"https:\/\/kitdigitalempresas.es\/index.php\/wp-json\/wp\/v2\/pages\/218","targetHints":{"allow":["GET"]}}],"collection":[{"href":"https:\/\/kitdigitalempresas.es\/index.php\/wp-json\/wp\/v2\/pages"}],"about":[{"href":"https:\/\/kitdigitalempresas.es\/index.php\/wp-json\/wp\/v2\/types\/page"}],"author":[{"embeddable":true,"href":"https:\/\/kitdigitalempresas.es\/index.php\/wp-json\/wp\/v2\/users\/1"}],"replies":[{"embeddable":true,"href":"https:\/\/kitdigitalempresas.es\/index.php\/wp-json\/wp\/v2\/comments?post=218"}],"version-history":[{"count":3,"href":"https:\/\/kitdigitalempresas.es\/index.php\/wp-json\/wp\/v2\/pages\/218\/revisions"}],"predecessor-version":[{"id":591,"href":"https:\/\/kitdigitalempresas.es\/index.php\/wp-json\/wp\/v2\/pages\/218\/revisions\/591"}],"wp:attachment":[{"href":"https:\/\/kitdigitalempresas.es\/index.php\/wp-json\/wp\/v2\/media?parent=218"}],"curies":[{"name":"wp","href":"https:\/\/api.w.org\/{rel}","templated":true}]}}