{"id":611,"date":"2022-01-12T17:12:20","date_gmt":"2022-01-12T17:12:20","guid":{"rendered":"https:\/\/kitdigitalempresas.es\/?page_id=611"},"modified":"2023-08-24T10:48:21","modified_gmt":"2023-08-24T10:48:21","slug":"business-intelligence-y-analitica","status":"publish","type":"page","link":"https:\/\/kitdigitalempresas.es\/index.php\/business-intelligence-y-analitica\/","title":{"rendered":"Business Intelligence y Anal\u00edtica"},"content":{"rendered":"\n<p>El objetivo de esta categor\u00eda es posibilitarte la explotaci\u00f3n de datos de tu empresa para la mejora del proceso de toma de decisiones.<\/p>\n\n\n\n<h2 class=\"wp-block-heading\">Funcionalidades y servicios<\/h2>\n\n\n\n<ul class=\"wp-block-list\">\n<li><strong>Integraci\u00f3n de datos con otras bases de datos:<\/strong><strong>&nbsp;<\/strong>tendr\u00e1s acceso a otras bases de datos y a la realizaci\u00f3n de comparaciones con los datos expuestos.<\/li>\n\n\n\n<li><strong>Almacenamiento de datos:<\/strong><strong>&nbsp;<\/strong>dispondr\u00e1s de una capacidad de almacenamiento como m\u00ednimo de 1 GB por usuario.<\/li>\n\n\n\n<li><strong>Creaci\u00f3n de paneles de datos estructurados y visuales:<\/strong>&nbsp;contar\u00e1s con paneles de datos personalizados con datos relevantes y distintas formas de visualizaci\u00f3n.<\/li>\n\n\n\n<li><strong>Exportaci\u00f3n de datos:<\/strong><strong>&nbsp;<\/strong>podr\u00e1s exportar datos a im\u00e1genes o a documentos de Excel, creando sinergias y compatibilidades con distintos programas que utilices com\u00fanmente.<\/li>\n<\/ul>\n\n\n\n<h2 class=\"wp-block-heading\">Porcentajes de ejecuci\u00f3n asociados a las fases<\/h2>\n\n\n\n<ul class=\"wp-block-list\">\n<li>Primera: 70 %<\/li>\n\n\n\n<li>Segunda: 30 %<\/li>\n<\/ul>\n\n\n\n<h2 class=\"wp-block-heading\">Importe m\u00e1ximo de la ayuda<\/h2>\n\n\n\n<ul class=\"wp-block-list\">\n<li>0 &lt; 3 empleados: 1.500\u20ac (incluye 1 usuario)<\/li>\n\n\n\n<li>3 &lt; 9 empleados: 2.000\u20ac (incluye 1 usuario)<\/li>\n\n\n\n<li>10 &lt; 50 empleados: 4.000\u20ac (incluye 3 usuarios)<\/li>\n<\/ul>\n\n\n\n<h2 class=\"wp-block-heading\">Precio<\/h2>\n\n\n\n<ul class=\"wp-block-list\">\n<li class=\"rojo\">0 &lt; 3 empleados: 1.500\u20ac (incluye 1 usuario)<\/li>\n\n\n\n<li class=\"rojo\">3 &lt; 9 empleados: 2.000\u20ac (incluye 1 usuario)<\/li>\n\n\n\n<li class=\"rojo\">10 &lt; 50 empleados: 4.000\u20ac (incluye 3 usuarios)<\/li>\n<\/ul>\n\n\n\n<p><\/p>\n","protected":false},"excerpt":{"rendered":"<p>El objetivo de esta categor\u00eda es posibilitarte la explotaci\u00f3n de datos de tu empresa para la mejora del proceso de toma de decisiones. Funcionalidades y servicios Porcentajes de ejecuci\u00f3n asociados a las fases Importe m\u00e1ximo de la ayuda Precio<\/p>\n","protected":false},"author":1,"featured_media":0,"parent":0,"menu_order":0,"comment_status":"closed","ping_status":"closed","template":"","meta":{"site-sidebar-layout":"default","site-content-layout":"default","ast-main-header-display":"","ast-hfb-above-header-display":"","ast-hfb-below-header-display":"","ast-hfb-mobile-header-display":"","site-post-title":"","ast-breadcrumbs-content":"","ast-featured-img":"","footer-sml-layout":"","theme-transparent-header-meta":"","adv-header-id-meta":"","stick-header-meta":"","header-above-stick-meta":"","header-main-stick-meta":"","header-below-stick-meta":"","footnotes":""},"class_list":["post-611","page","type-page","status-publish","hentry"],"_links":{"self":[{"href":"https:\/\/kitdigitalempresas.es\/index.php\/wp-json\/wp\/v2\/pages\/611","targetHints":{"allow":["GET"]}}],"collection":[{"href":"https:\/\/kitdigitalempresas.es\/index.php\/wp-json\/wp\/v2\/pages"}],"about":[{"href":"https:\/\/kitdigitalempresas.es\/index.php\/wp-json\/wp\/v2\/types\/page"}],"author":[{"embeddable":true,"href":"https:\/\/kitdigitalempresas.es\/index.php\/wp-json\/wp\/v2\/users\/1"}],"replies":[{"embeddable":true,"href":"https:\/\/kitdigitalempresas.es\/index.php\/wp-json\/wp\/v2\/comments?post=611"}],"version-history":[{"count":2,"href":"https:\/\/kitdigitalempresas.es\/index.php\/wp-json\/wp\/v2\/pages\/611\/revisions"}],"predecessor-version":[{"id":673,"href":"https:\/\/kitdigitalempresas.es\/index.php\/wp-json\/wp\/v2\/pages\/611\/revisions\/673"}],"wp:attachment":[{"href":"https:\/\/kitdigitalempresas.es\/index.php\/wp-json\/wp\/v2\/media?parent=611"}],"curies":[{"name":"wp","href":"https:\/\/api.w.org\/{rel}","templated":true}]}}