{"id":613,"date":"2022-01-12T17:12:53","date_gmt":"2022-01-12T17:12:53","guid":{"rendered":"https:\/\/kitdigitalempresas.es\/?page_id=613"},"modified":"2023-08-24T10:49:42","modified_gmt":"2023-08-24T10:49:42","slug":"servicios-y-herramientas-de-oficina-virtual","status":"publish","type":"page","link":"https:\/\/kitdigitalempresas.es\/index.php\/servicios-y-herramientas-de-oficina-virtual\/","title":{"rendered":"Servicios y herramientas de Oficina Virtual"},"content":{"rendered":"\n<p>El principal objetivo de esta categor\u00eda es implantar en tu empresa soluciones interactivas y funcionales que permitan la colaboraci\u00f3n m\u00e1s eficiente entre tus trabadores.<\/p>\n\n\n\n<h2 class=\"wp-block-heading\">Funcionalidades y servicios<\/h2>\n\n\n\n<ul class=\"wp-block-list\">\n<li><strong>Colaboraci\u00f3n en equipos de trabajo:<\/strong>&nbsp;tendr\u00e1s asistencia por parte del proveedor en el proceso creativo de ideaci\u00f3n o gesti\u00f3n de equipos para la gesti\u00f3n colaborativa de proyectos, compartir recursos y\/o conocimientos, dotar de herramientas para la interacci\u00f3n de los equipos en los procesos de ideaci\u00f3n o resoluci\u00f3n de problemas, as\u00ed como la configuraci\u00f3n y personalizaci\u00f3n de flujos de trabajo, tareas, etc.<\/li>\n\n\n\n<li><strong>Almacenar y compartir archivos<\/strong>: dispondr\u00e1s de 1 TB de almacenamiento.<\/li>\n\n\n\n<li><strong>Compatibilidad con dispositivos m\u00f3viles.<\/strong>&nbsp;Tu soluci\u00f3n ser\u00e1 compatible con dispositivos m\u00f3viles.<\/li>\n\n\n\n<li><strong>Calendario y agenda:<\/strong>&nbsp;te permitir\u00e1 organizar un calendario y tus tareas previstas.<\/li>\n<\/ul>\n\n\n\n<h2 class=\"wp-block-heading\">Porcentajes de ejecuci\u00f3n asociados a las fases<\/h2>\n\n\n\n<ul class=\"wp-block-list\">\n<li>Primera: 70 %<\/li>\n\n\n\n<li>Segunda: 30 %<\/li>\n<\/ul>\n\n\n\n<h2 class=\"wp-block-heading\">Importe m\u00e1ximo de la ayuda<\/h2>\n\n\n\n<ul class=\"wp-block-list\">\n<li>0 &lt; 3 empleados: 250\u20ac\/usuario (hasta 2 usuarios)<\/li>\n\n\n\n<li>3 &lt; 9 empleados: 250\u20ac\/usuario (hasta 9 usuarios)<\/li>\n\n\n\n<li>10 &lt; 50 empleados: 250\u20ac\/usuario (hasta 48 usuarios)<\/li>\n<\/ul>\n\n\n\n<h2 class=\"wp-block-heading\">precio<\/h2>\n\n\n\n<ul class=\"wp-block-list\">\n<li class=\"rojo\">0 &lt; 3 empleados: 250\u20ac\/usuario (hasta 2 usuarios)<\/li>\n\n\n\n<li class=\"rojo\">3 &lt; 9 empleados: 250\u20ac\/usuario (hasta 9 usuarios)<\/li>\n\n\n\n<li class=\"rojo\">10 &lt; 50 empleados: 250\u20ac\/usuario (hasta 48 usuarios)<\/li>\n<\/ul>\n\n\n\n<p><\/p>\n","protected":false},"excerpt":{"rendered":"<p>El principal objetivo de esta categor\u00eda es implantar en tu empresa soluciones interactivas y funcionales que permitan la colaboraci\u00f3n m\u00e1s eficiente entre tus trabadores. Funcionalidades y servicios Porcentajes de ejecuci\u00f3n asociados a las fases Importe m\u00e1ximo de la ayuda precio<\/p>\n","protected":false},"author":1,"featured_media":0,"parent":0,"menu_order":0,"comment_status":"closed","ping_status":"closed","template":"","meta":{"site-sidebar-layout":"default","site-content-layout":"default","ast-main-header-display":"","ast-hfb-above-header-display":"","ast-hfb-below-header-display":"","ast-hfb-mobile-header-display":"","site-post-title":"","ast-breadcrumbs-content":"","ast-featured-img":"","footer-sml-layout":"","theme-transparent-header-meta":"","adv-header-id-meta":"","stick-header-meta":"","header-above-stick-meta":"","header-main-stick-meta":"","header-below-stick-meta":"","footnotes":""},"class_list":["post-613","page","type-page","status-publish","hentry"],"_links":{"self":[{"href":"https:\/\/kitdigitalempresas.es\/index.php\/wp-json\/wp\/v2\/pages\/613","targetHints":{"allow":["GET"]}}],"collection":[{"href":"https:\/\/kitdigitalempresas.es\/index.php\/wp-json\/wp\/v2\/pages"}],"about":[{"href":"https:\/\/kitdigitalempresas.es\/index.php\/wp-json\/wp\/v2\/types\/page"}],"author":[{"embeddable":true,"href":"https:\/\/kitdigitalempresas.es\/index.php\/wp-json\/wp\/v2\/users\/1"}],"replies":[{"embeddable":true,"href":"https:\/\/kitdigitalempresas.es\/index.php\/wp-json\/wp\/v2\/comments?post=613"}],"version-history":[{"count":3,"href":"https:\/\/kitdigitalempresas.es\/index.php\/wp-json\/wp\/v2\/pages\/613\/revisions"}],"predecessor-version":[{"id":675,"href":"https:\/\/kitdigitalempresas.es\/index.php\/wp-json\/wp\/v2\/pages\/613\/revisions\/675"}],"wp:attachment":[{"href":"https:\/\/kitdigitalempresas.es\/index.php\/wp-json\/wp\/v2\/media?parent=613"}],"curies":[{"name":"wp","href":"https:\/\/api.w.org\/{rel}","templated":true}]}}