{"id":615,"date":"2022-01-12T17:13:22","date_gmt":"2022-01-12T17:13:22","guid":{"rendered":"https:\/\/kitdigitalempresas.es\/?page_id=615"},"modified":"2023-08-24T10:50:51","modified_gmt":"2023-08-24T10:50:51","slug":"gestion-de-procesos","status":"publish","type":"page","link":"https:\/\/kitdigitalempresas.es\/index.php\/gestion-de-procesos\/","title":{"rendered":"Gesti\u00f3n de procesos"},"content":{"rendered":"\n<p>El principal objetivo de esta categor\u00eda es digitalizar y\/o automatizar procesos de tu negocio, relacionados con los aspectos operativos o productivos.<\/p>\n\n\n\n<h2 class=\"wp-block-heading\">Funcionalidades y servicios<\/h2>\n\n\n\n<ul class=\"wp-block-list\">\n<li><strong>Digitalizaci\u00f3n y\/o automatizaci\u00f3n de procesos y flujos de trabajo:&nbsp;<\/strong>tendr\u00e1s digitalizados y\/o automatizados procesos como:\n<ul class=\"wp-block-list\">\n<li><strong>Contabilidad\/finanzas:&nbsp;<\/strong>cuentas por cobrar\/por pagar, gesti\u00f3n de activos y generaci\u00f3n de cierres y balances, etc.<\/li>\n\n\n\n<li><strong>Facturaci\u00f3n:&nbsp;<\/strong>automatizaci\u00f3n de los procesos de facturaci\u00f3n con la generaci\u00f3n de presupuestos, albaranes y facturas.<\/li>\n\n\n\n<li><strong>Proyectos:&nbsp;<\/strong>control de presupuestos, costes, estimaciones, optimizaci\u00f3n de los recursos, etc.<\/li>\n\n\n\n<li><strong>Inventario:&nbsp;<\/strong>previsi\u00f3n, niveles de stock, env\u00edos, distribuciones, devoluciones y cancelaciones, etc.<\/li>\n\n\n\n<li><strong>Compras y pagos:&nbsp;<\/strong>gesti\u00f3n de pedidos de compra y proveedores.<\/li>\n\n\n\n<li><strong>Recursos humanos:&nbsp;<\/strong>gesti\u00f3n de los recursos humanos, n\u00f3minas, etc.<\/li>\n\n\n\n<li><strong>Log\u00edstica:&nbsp;<\/strong>gesti\u00f3n de flotas y rutas, entre otras.<strong><\/strong><\/li>\n<\/ul>\n<\/li>\n\n\n\n<li><strong>Integraci\u00f3n con diversas plataformas:&nbsp;<\/strong>la soluci\u00f3n dispondr\u00e1 de APIs o Web Services para su integraci\u00f3n con otras herramientas.<\/li>\n\n\n\n<li><strong>Actualizable:&nbsp;<\/strong>acceder\u00e1s a<strong>&nbsp;<\/strong>actualizaciones de la soluci\u00f3n con nuevas versiones.<\/li>\n\n\n\n<li><strong>Escalable:&nbsp;<\/strong>si tu empresa crece o cambia estructuralmente,<strong>&nbsp;<\/strong>la soluci\u00f3n se adaptar\u00e1 a estos cambios.<\/li>\n\n\n\n<li><strong>Cumplimiento<\/strong>: podr\u00e1s asegurar el cumplimiento de la normativa aplicable, en concreto del Reglamento por el que se regulan las obligaciones de facturaci\u00f3n del Real Decreto 1619\/2012, as\u00ed como cualquier normativa de aplicaci\u00f3n.<\/li>\n<\/ul>\n\n\n\n<h2 class=\"wp-block-heading\">Porcentajes de ejecuci\u00f3n asociados a las fases<\/h2>\n\n\n\n<ul class=\"wp-block-list\">\n<li>Primera: 70 %<\/li>\n\n\n\n<li>Segunda: 30 %<\/li>\n<\/ul>\n\n\n\n<h2 class=\"wp-block-heading\">Importe m\u00e1ximo de la ayuda<\/h2>\n\n\n\n<ul class=\"wp-block-list\">\n<li>0 &lt; 3 empleados: 500\u20ac (hasta 1 usuario)<\/li>\n\n\n\n<li>3 &lt; 9 empleados: 2.000\u20ac (hasta 3 usuarios)<\/li>\n\n\n\n<li>10 &lt; 50 empleados: 6.000\u20ac (hasta 10 usuarios)<\/li>\n<\/ul>\n\n\n\n<h2 class=\"wp-block-heading\">precio<\/h2>\n\n\n\n<ul class=\"wp-block-list\">\n<li class=\"rojo\">0 &lt; 3 empleados: 500\u20ac (hasta 1 usuario)<\/li>\n\n\n\n<li class=\"rojo\">3 &lt; 9 empleados: 2.000\u20ac (hasta 3 usuarios)<\/li>\n\n\n\n<li class=\"rojo\">10 &lt; 50 empleados: 6.000\u20ac (hasta 10 usuarios)<\/li>\n<\/ul>\n\n\n\n<p><\/p>\n","protected":false},"excerpt":{"rendered":"<p>El principal objetivo de esta categor\u00eda es digitalizar y\/o automatizar procesos de tu negocio, relacionados con los aspectos operativos o productivos. Funcionalidades y servicios Porcentajes de ejecuci\u00f3n asociados a las fases Importe m\u00e1ximo de la ayuda precio<\/p>\n","protected":false},"author":1,"featured_media":0,"parent":0,"menu_order":0,"comment_status":"closed","ping_status":"closed","template":"","meta":{"site-sidebar-layout":"default","site-content-layout":"default","ast-main-header-display":"","ast-hfb-above-header-display":"","ast-hfb-below-header-display":"","ast-hfb-mobile-header-display":"","site-post-title":"","ast-breadcrumbs-content":"","ast-featured-img":"","footer-sml-layout":"","theme-transparent-header-meta":"","adv-header-id-meta":"","stick-header-meta":"","header-above-stick-meta":"","header-main-stick-meta":"","header-below-stick-meta":"","footnotes":""},"class_list":["post-615","page","type-page","status-publish","hentry"],"_links":{"self":[{"href":"https:\/\/kitdigitalempresas.es\/index.php\/wp-json\/wp\/v2\/pages\/615","targetHints":{"allow":["GET"]}}],"collection":[{"href":"https:\/\/kitdigitalempresas.es\/index.php\/wp-json\/wp\/v2\/pages"}],"about":[{"href":"https:\/\/kitdigitalempresas.es\/index.php\/wp-json\/wp\/v2\/types\/page"}],"author":[{"embeddable":true,"href":"https:\/\/kitdigitalempresas.es\/index.php\/wp-json\/wp\/v2\/users\/1"}],"replies":[{"embeddable":true,"href":"https:\/\/kitdigitalempresas.es\/index.php\/wp-json\/wp\/v2\/comments?post=615"}],"version-history":[{"count":2,"href":"https:\/\/kitdigitalempresas.es\/index.php\/wp-json\/wp\/v2\/pages\/615\/revisions"}],"predecessor-version":[{"id":676,"href":"https:\/\/kitdigitalempresas.es\/index.php\/wp-json\/wp\/v2\/pages\/615\/revisions\/676"}],"wp:attachment":[{"href":"https:\/\/kitdigitalempresas.es\/index.php\/wp-json\/wp\/v2\/media?parent=615"}],"curies":[{"name":"wp","href":"https:\/\/api.w.org\/{rel}","templated":true}]}}