{"id":621,"date":"2022-01-12T17:14:29","date_gmt":"2022-01-12T17:14:29","guid":{"rendered":"https:\/\/kitdigitalempresas.es\/?page_id=621"},"modified":"2023-08-24T10:53:02","modified_gmt":"2023-08-24T10:53:02","slug":"ciberseguridad","status":"publish","type":"page","link":"https:\/\/kitdigitalempresas.es\/index.php\/ciberseguridad\/","title":{"rendered":"Ciberseguridad"},"content":{"rendered":"\n<p>El objetivo de esta soluci\u00f3n es proporcionar seguridad b\u00e1sica y avanzada para los dispositivos de tus empleados.<\/p>\n\n\n\n<h2 class=\"wp-block-heading\">Funcionalidades&nbsp;y servicios<\/h2>\n\n\n\n<ul class=\"wp-block-list\">\n<li><strong>Antimalware:<\/strong>&nbsp;tendr\u00e1s a tu disposici\u00f3n una herramienta<strong>&nbsp;<\/strong>que analice tu dispositivo, su memoria interna y los dispositivos de almacenamiento externos.<\/li>\n\n\n\n<li><strong>Antispyware:&nbsp;<\/strong>dispondr\u00e1s de una herramienta que detecte y evite el malware esp\u00eda.<\/li>\n\n\n\n<li><strong>Correo seguro:&nbsp;<\/strong>tendr\u00e1s herramientas de an\u00e1lisis del correo electr\u00f3nico con las siguientes caracter\u00edsticas:\n<ul class=\"wp-block-list\">\n<li><strong>Antispam,&nbsp;<\/strong>con detecci\u00f3n y filtro de correo no deseado.<\/li>\n\n\n\n<li><strong>Antiphishing,&nbsp;<\/strong>con detecci\u00f3n de correos con enlaces o malware que se sospecha sirvan para robar credenciales.<\/li>\n<\/ul>\n<\/li>\n\n\n\n<li><strong>Navegaci\u00f3n segura:&nbsp;<\/strong>tendr\u00e1s asegurado:\n<ul class=\"wp-block-list\">\n<li><strong>Control de contenidos<\/strong>.<\/li>\n\n\n\n<li><strong>Antiadware&nbsp;<\/strong>para evitar anuncios maliciosos.<\/li>\n<\/ul>\n<\/li>\n\n\n\n<li><strong>An\u00e1lisis y detecci\u00f3n de amenazas:&nbsp;<\/strong>ser\u00e1s capaz de conocer el comportamiento de las amenazas conocidas y nuevas.<\/li>\n\n\n\n<li><strong>Monitorizaci\u00f3n de la red:&nbsp;<\/strong>tendr\u00e1s herramientas que analizan el tr\u00e1fico de red y te alerten de amenazas.<\/li>\n\n\n\n<li><strong>Configuraci\u00f3n inicial y actualizaciones de seguridad:&nbsp;<\/strong>dispondr\u00e1s de una configuraci\u00f3n inicial para su correcto uso, con las respectivas actualizaciones de firmas de malware y otros datos para detecci\u00f3n de amenazas adem\u00e1s de las actualizaciones de software de seguridad peri\u00f3dicas requeridas.<\/li>\n\n\n\n<li><strong>Requisitos especiales de formaci\u00f3n:&nbsp;<\/strong>dispondr\u00e1s de formaci\u00f3n para la configuraci\u00f3n del software de seguridad, y tendr\u00e1s un kit de concienciaci\u00f3n en ciberseguridad para complementar la soluci\u00f3n con habilidades de firewall humano.<\/li>\n<\/ul>\n\n\n\n<h2 class=\"wp-block-heading\">Porcentajes de ejecuci\u00f3n asociados a las fases<\/h2>\n\n\n\n<ul class=\"wp-block-list\">\n<li>Primera: 70 %<\/li>\n\n\n\n<li>Segunda: 30 %<\/li>\n<\/ul>\n\n\n\n<h2 class=\"wp-block-heading\">Importe m\u00e1ximo de la ayuda<\/h2>\n\n\n\n<ul class=\"wp-block-list\">\n<li>0 &lt; 3 empleados: 125\u20ac\/dispositivo (hasta 2 dispositivos)<\/li>\n\n\n\n<li>3 &lt; 9 empleados: 125\u20ac\/ dispositivo (hasta 9 dispositivos)<\/li>\n\n\n\n<li>10 &lt; 50 empleados: 125\u20ac\/ dispositivo (hasta 48 dispositivos)<\/li>\n<\/ul>\n\n\n\n<h2 class=\"wp-block-heading\">precio<\/h2>\n\n\n\n<ul class=\"wp-block-list\">\n<li class=\"rojo\">0 &lt; 3 empleados: 125\u20ac\/dispositivo (hasta 2 dispositivos)<\/li>\n\n\n\n<li class=\"rojo\">3 &lt; 9 empleados: 125\u20ac\/ dispositivo (hasta 9 dispositivos)<\/li>\n\n\n\n<li class=\"rojo\">10 &lt; 50 empleados: 125\u20ac\/ dispositivo (hasta 48 dispositivos)<\/li>\n<\/ul>\n","protected":false},"excerpt":{"rendered":"<p>El objetivo de esta soluci\u00f3n es proporcionar seguridad b\u00e1sica y avanzada para los dispositivos de tus empleados. Funcionalidades&nbsp;y servicios Porcentajes de ejecuci\u00f3n asociados a las fases Importe m\u00e1ximo de la ayuda precio<\/p>\n","protected":false},"author":1,"featured_media":0,"parent":0,"menu_order":0,"comment_status":"closed","ping_status":"closed","template":"","meta":{"site-sidebar-layout":"default","site-content-layout":"default","ast-main-header-display":"","ast-hfb-above-header-display":"","ast-hfb-below-header-display":"","ast-hfb-mobile-header-display":"","site-post-title":"","ast-breadcrumbs-content":"","ast-featured-img":"","footer-sml-layout":"","theme-transparent-header-meta":"","adv-header-id-meta":"","stick-header-meta":"","header-above-stick-meta":"","header-main-stick-meta":"","header-below-stick-meta":"","footnotes":""},"class_list":["post-621","page","type-page","status-publish","hentry"],"_links":{"self":[{"href":"https:\/\/kitdigitalempresas.es\/index.php\/wp-json\/wp\/v2\/pages\/621","targetHints":{"allow":["GET"]}}],"collection":[{"href":"https:\/\/kitdigitalempresas.es\/index.php\/wp-json\/wp\/v2\/pages"}],"about":[{"href":"https:\/\/kitdigitalempresas.es\/index.php\/wp-json\/wp\/v2\/types\/page"}],"author":[{"embeddable":true,"href":"https:\/\/kitdigitalempresas.es\/index.php\/wp-json\/wp\/v2\/users\/1"}],"replies":[{"embeddable":true,"href":"https:\/\/kitdigitalempresas.es\/index.php\/wp-json\/wp\/v2\/comments?post=621"}],"version-history":[{"count":2,"href":"https:\/\/kitdigitalempresas.es\/index.php\/wp-json\/wp\/v2\/pages\/621\/revisions"}],"predecessor-version":[{"id":680,"href":"https:\/\/kitdigitalempresas.es\/index.php\/wp-json\/wp\/v2\/pages\/621\/revisions\/680"}],"wp:attachment":[{"href":"https:\/\/kitdigitalempresas.es\/index.php\/wp-json\/wp\/v2\/media?parent=621"}],"curies":[{"name":"wp","href":"https:\/\/api.w.org\/{rel}","templated":true}]}}